{"id":2,"date":"2016-01-28T14:14:25","date_gmt":"2016-01-28T13:14:25","guid":{"rendered":"http:\/\/katedry.ped.muni.cz\/vnuf21\/?page_id=2"},"modified":"2016-09-05T18:28:26","modified_gmt":"2016-09-05T16:28:26","slug":"obecne-informace","status":"publish","type":"page","link":"https:\/\/katedry.ped.muni.cz\/vnuf21\/obecne-informace","title":{"rendered":"Obecn\u00e9 informace"},"content":{"rendered":"<p>Po\u0159adatel:<\/p>\n<p style=\"padding-left: 30px;\"><a href=\"http:\/\/katedry.ped.muni.cz\/fcho\">Katedra fyziky, chemie a&nbsp;odborn\u00e9ho vzd\u011bl\u00e1v\u00e1n\u00ed PdF MU<\/a><\/p>\n<p>M\u00edsto kon\u00e1n\u00ed konference:<\/p>\n<p style=\"padding-left: 30px;\">Pedagogick\u00e1 fakulta Masarykovy univerzity,<br \/>\nKatedra fyziky, chemie a&nbsp;odborn\u00e9ho vzd\u011bl\u00e1v\u00e1n\u00ed<br \/>\nPo\u0159\u00ed\u010d\u00ed 7\/9<br \/>\n603&nbsp;00 Brno<br \/>\n<a href=\"http:\/\/mapy.cz\/zakladni?x=16.5956681&amp;y=49.1870248&amp;z=18&amp;source=addr&amp;id=8897283\">naj\u00edt na map\u011b<\/a><\/p>\n<p>D\u016fle\u017eit\u00e9 term\u00edny:<\/p>\n<p style=\"padding-left: 30px;\">V\u010dasn\u00e1 registrace (sn\u00ed\u017een\u00e9 vlo\u017en\u00e9): do <span style=\"color: #ff0000;\"><strong>15.&nbsp;5.&nbsp;2016 (v\u010detn\u011b)<\/strong><\/span><br \/>\nUz\u00e1v\u011brka p\u0159ihl\u00e1\u0161ek, plateb a&nbsp;abstrakt\u016f: <strong>30.&nbsp;6.&nbsp;2016<\/strong><br \/>\nKon\u00e1n\u00ed konference: <strong>26.&nbsp;8. \u2013 28.&nbsp;8.&nbsp;2016<\/strong><br \/>\nOdevzd\u00e1n\u00ed p\u0159\u00edsp\u011bvk\u016f: nejpozd\u011bji p\u0159i&nbsp;p\u0159\u00edjezdu na konferenci<\/p>\n<p>E-mail:<\/p>\n<p style=\"padding-left: 30px;\"><a href=\"mailto:vnuf21@ped.muni.cz\">vnuf21@ped.muni.cz<\/a><\/p>\n<p>Web:<\/p>\n<p style=\"padding-left: 30px;\"><a href=\"http:\/\/vnuf21.ped.muni.cz\">http:\/\/vnuf21.ped.muni.cz<\/a><\/p>\n<p>Kontaktn\u00ed adresa:<\/p>\n<p style=\"padding-left: 30px;\">Jana Jachymi\u00e1kov\u00e1<br \/>\nKatedra fyziky, chemie a&nbsp;odborn\u00e9ho vzd\u011bl\u00e1v\u00e1n\u00ed PdF MU<br \/>\nPo\u0159\u00ed\u010d\u00ed 7<br \/>\n603&nbsp;00 Brno<br \/>\nTelefon: +420&nbsp;549&nbsp;49&nbsp;1675<\/p>\n<p>Organiza\u010dn\u00ed a&nbsp;programov\u00fd v\u00fdbor konference:<\/p>\n<p style=\"padding-left: 30px;\">doc. RNDr. Petr Sl\u00e1dek, CSc. &#8211; <em>p\u0159edseda<\/em><br \/>\nprof. RNDr. Vladislav Navr\u00e1til, CSc.<br \/>\ndoc. RNDr. Josef Trna, CSc.<br \/>\nMgr. Tom\u00e1\u0161 Mil\u00e9\u0159, Ph.D.<br \/>\nMgr. Petr Nov\u00e1k, Ph.D.<br \/>\nRNDr. Jind\u0159i\u0161ka Svobodov\u00e1, Ph.D.<br \/>\nPhDr. Jan V\u00e1lek, Ph.D.<br \/>\nPhDr. Mgr. Michaela \u0160utov\u00e1<br \/>\nMgr. Luk\u00e1\u0161 Pawera<br \/>\nJana Jachymi\u00e1kov\u00e1<\/p>\n<p>Poplatky a&nbsp;ceny<\/p>\n<table>\n<thead>\n<tr>\n<th style=\"text-align: center;\">Vlo\u017en\u00e9<\/th>\n<th style=\"text-align: center;\">v\u010dasn\u00e1 registrace<br \/>\n(p\u0159ihl\u00e1\u0161ka do 15.&nbsp;5.&nbsp;2016)<\/th>\n<th style=\"text-align: center;\">pln\u00e9<br \/>\n(po&nbsp;15.&nbsp;5.&nbsp;2016)<\/th>\n<\/tr>\n<\/thead>\n<tbody>\n<tr>\n<td style=\"text-align: center;\">Individu\u00e1ln\u00ed \u010dlen J\u010cMF<\/td>\n<td style=\"text-align: center;\">450,-\u00a0K\u010d<\/td>\n<td style=\"text-align: center;\">550,-\u00a0K\u010d<\/td>\n<\/tr>\n<tr>\n<td style=\"text-align: center;\"><a href=\"http:\/\/www.jcmf.cz\/?q=cz\/node\/69\">Kolektivn\u00ed \u010dlen J\u010cMF<\/a><\/td>\n<td style=\"text-align: center;\">500,-\u00a0K\u010d<\/td>\n<td style=\"text-align: center;\">600,-\u00a0K\u010d<\/td>\n<\/tr>\n<tr>\n<td style=\"text-align: center;\">Ne\u010dlen J\u010cMF<\/td>\n<td style=\"text-align: center;\">550,-\u00a0K\u010d<\/td>\n<td style=\"text-align: center;\">650,-\u00a0K\u010d<\/td>\n<\/tr>\n<\/tbody>\n<\/table>\n<p style=\"padding-left: 30px;\"><a href=\"http:\/\/katedry.ped.muni.cz\/vnuf21\/ubytovani-a-stravovani\">Ubytov\u00e1n\u00ed pro \u00fa\u010dastn\u00edky konference<\/a> bude zaji\u0161t\u011bno v&nbsp;Garni hotelu Vina\u0159sk\u00e1, Vina\u0159sk\u00e1 5, 603&nbsp;00 Brno.<br \/>\nSpole\u010densk\u00fd ve\u010der s&nbsp;rautem: 400,- K\u010d<\/p>\n<p>Bankovn\u00ed spojen\u00ed &#8211; \u00fa\u010det v&nbsp;K\u010d:<\/p>\n<p style=\"padding-left: 30px;\">Majitel \u00fa\u010dtu: Jednota \u010desk\u00fdch matematik\u016f a&nbsp;fyzik\u016f pobo\u010dka Brno<br \/>\nAdresa banky: Fio banka, a.s., V&nbsp;Celnici 1028\/10, 117&nbsp;21 Praha 1<br \/>\n\u010c\u00edslo \u00fa\u010dtu: 2700604074 \/ 2010<br \/>\n\u010c\u00edslo \u00fa\u010dtu ve form\u00e1tu IBAN: CZ6920100000002700604074<br \/>\nSWIFT: FIOBCZPPXXX<\/p>\n<p>Konferenci finan\u010dn\u011b podpo\u0159ili:<\/p>\n<p style=\"padding-left: 30px;\">Nadace Depositum Bonum \u00a0\u00a0<a href=\"http:\/\/nadacedb.cz\/\"><img loading=\"lazy\" decoding=\"async\" src=\"https:\/\/katedry.ped.muni.cz\/vnuf21\/wp-content\/uploads\/sites\/35\/2016\/09\/depositum-bonum.jpg\" alt=\"Nadace Depositum Bonum\" width=\"150\" height=\"150\" \/><\/a><\/p>\n<p><span style=\"line-height: 1.5;\">Akreditace:<\/span><\/p>\n<p style=\"padding-left: 30px;\">11.\u00a03.\u00a02016 \u2013 Bylo po\u017e\u00e1d\u00e1no o\u00a0akreditaci konference u\u00a0M\u0160MT jako DVPP.<\/p>\n<p style=\"padding-left: 30px;\">5.&nbsp;5.&nbsp;2016 \u2013 Konference byla akreditov\u00e1na u&nbsp;M\u0160MT pod\u00a0\u010c.j.: MSMT- 10959\/2016-1-336.<\/p>\n","protected":false},"excerpt":{"rendered":"<p>Po\u0159adatel: Katedra fyziky, chemie a&nbsp;odborn\u00e9ho vzd\u011bl\u00e1v\u00e1n\u00ed PdF MU M\u00edsto kon\u00e1n\u00ed konference: Pedagogick\u00e1 fakulta Masarykovy univerzity, Katedra fyziky, chemie a&nbsp;odborn\u00e9ho vzd\u011bl\u00e1v\u00e1n\u00ed Po\u0159\u00ed\u010d\u00ed 7\/9&nbsp;603&nbsp;00 Brno naj\u00edt na map\u011b D\u016fle\u017eit\u00e9 term\u00edny: V\u010dasn\u00e1 registrace (sn\u00ed\u017een\u00e9 vlo\u017en\u00e9): do 15.&nbsp;5.&nbsp;2016 (v\u010detn\u011b) Uz\u00e1v\u011brka p\u0159ihl\u00e1\u0161ek, plateb a&nbsp;abstrakt\u016f: 30.&nbsp;6.&nbsp;2016 Kon\u00e1n\u00ed konference: 26.&nbsp;8. \u2013 28.&nbsp;8.&nbsp;2016 Odevzd\u00e1n\u00ed p\u0159\u00edsp\u011bvk\u016f: nejpozd\u011bji p\u0159i&nbsp;p\u0159\u00edjezdu na konferenci E-mail: vnuf21@ped.muni.cz Web: &hellip; <a href=\"https:\/\/katedry.ped.muni.cz\/vnuf21\/obecne-informace\" class=\"more-link\">Pokra\u010dov\u00e1n\u00ed textu <span class=\"screen-reader-text\">Obecn\u00e9 informace<\/span> <span class=\"meta-nav\">&rarr;<\/span><\/a><\/p>\n","protected":false},"author":11,"featured_media":0,"parent":0,"menu_order":0,"comment_status":"closed","ping_status":"open","template":"","meta":{"footnotes":""},"class_list":["post-2","page","type-page","status-publish","hentry"],"_links":{"self":[{"href":"https:\/\/katedry.ped.muni.cz\/vnuf21\/wp-json\/wp\/v2\/pages\/2","targetHints":{"allow":["GET"]}}],"collection":[{"href":"https:\/\/katedry.ped.muni.cz\/vnuf21\/wp-json\/wp\/v2\/pages"}],"about":[{"href":"https:\/\/katedry.ped.muni.cz\/vnuf21\/wp-json\/wp\/v2\/types\/page"}],"author":[{"embeddable":true,"href":"https:\/\/katedry.ped.muni.cz\/vnuf21\/wp-json\/wp\/v2\/users\/11"}],"replies":[{"embeddable":true,"href":"https:\/\/katedry.ped.muni.cz\/vnuf21\/wp-json\/wp\/v2\/comments?post=2"}],"version-history":[{"count":30,"href":"https:\/\/katedry.ped.muni.cz\/vnuf21\/wp-json\/wp\/v2\/pages\/2\/revisions"}],"predecessor-version":[{"id":395,"href":"https:\/\/katedry.ped.muni.cz\/vnuf21\/wp-json\/wp\/v2\/pages\/2\/revisions\/395"}],"wp:attachment":[{"href":"https:\/\/katedry.ped.muni.cz\/vnuf21\/wp-json\/wp\/v2\/media?parent=2"}],"curies":[{"name":"wp","href":"https:\/\/api.w.org\/{rel}","templated":true}]}}